{"id":1636,"date":"2024-01-07T19:51:18","date_gmt":"2024-01-07T19:51:18","guid":{"rendered":"https:\/\/www.hjorto.com\/?page_id=1636"},"modified":"2024-10-14T20:39:04","modified_gmt":"2024-10-14T20:39:04","slug":"angeln","status":"publish","type":"page","link":"https:\/\/www.hjorto.com\/de\/angeln\/","title":{"rendered":"Angeln"},"content":{"rendered":"\n<div class=\"wp-block-cover alignfull is-light\" style=\"min-height:430px\"><span aria-hidden=\"true\" class=\"wp-block-cover__background has-background-dim-10 has-background-dim\"><\/span><img loading=\"lazy\" decoding=\"async\" width=\"4032\" height=\"1960\" class=\"wp-block-cover__image-background wp-image-1148\" alt=\"\" src=\"https:\/\/www.hjorto.com\/wp-content\/uploads\/2018\/11\/20180618_140443-1.jpg\" style=\"object-position:45% 28%\" data-object-fit=\"cover\" data-object-position=\"45% 28%\" srcset=\"https:\/\/www.hjorto.com\/wp-content\/uploads\/2018\/11\/20180618_140443-1.jpg 4032w, https:\/\/www.hjorto.com\/wp-content\/uploads\/2018\/11\/20180618_140443-1-300x146.jpg 300w, https:\/\/www.hjorto.com\/wp-content\/uploads\/2018\/11\/20180618_140443-1-1024x498.jpg 1024w\" sizes=\"(max-width: 4032px) 100vw, 4032px\" \/><div class=\"wp-block-cover__inner-container is-layout-constrained wp-block-cover-is-layout-constrained\">\n<p class=\"has-text-align-center has-x-large-font-size\">Angeln<\/p>\n<\/div><\/div>\n\n\n\n<div style=\"height:100px\" aria-hidden=\"true\" class=\"wp-block-spacer\"><\/div>\n\n\n\n<h2 class=\"wp-block-heading has-text-align-center\">BOOTE UND ANGELN<\/h2>\n\n\n\n<p>Hjort\u00f6 liegt an einer windgesch\u00fctzten Meeresbucht, so dass man auch wenn es kr\u00e4ftig weht mit dem Boot hinausfahren und angeln kann. Das Brackwasser in der Bucht ist sehr reich an Barschen aber auch Hechte, Zander und Brachsen sind reichlich vorhanden. Unser umherliegendes Angelwassergebiet umfasst ca. 4 km2, mit sowohl flachen Schilfrohrgew\u00e4ssern wie auch tiefem Wasser bis zu 30 m. Wir verkaufen auch Angelscheine f\u00fcr den Fischfang in den Godby-Gew\u00e4ssern. Unsere Boote sind 4,30 m lang und die Motoren 15 PS stark. Am Strand gibt es einen Tisch f\u00fcrs Ausnehmen bzw. Filetieren von Fischen und eine gro\u00dfe neue Fischr\u00e4ucherei. Was kann es denn noch besser schmecken als frischgefangener und frischger\u00e4ucherter Fisch im Freundeskreis beim Sonnenuntergang?<\/p>\n\n\n\n<hr class=\"wp-block-separator has-alpha-channel-opacity is-style-wide\"\/>\n\n\n\n<div style=\"height:100px\" aria-hidden=\"true\" class=\"wp-block-spacer\"><\/div>\n\n\n\n<h2 class=\"wp-block-heading has-text-align-center\">Die Ferienh\u00e4user 4 f\u00fcr 10 Personen<\/h2>\n\n\n\n<figure class=\"wp-block-image aligncenter size-large\"><img loading=\"lazy\" decoding=\"async\" width=\"1024\" height=\"682\" src=\"https:\/\/www.hjorto.com\/wp-content\/uploads\/2015\/06\/Stuga-1024x682.jpg\" alt=\"\" class=\"wp-image-886\" style=\"aspect-ratio:16\/9;object-fit:cover\" srcset=\"https:\/\/www.hjorto.com\/wp-content\/uploads\/2015\/06\/Stuga.jpg 1024w, https:\/\/www.hjorto.com\/wp-content\/uploads\/2015\/06\/Stuga-300x200.jpg 300w\" sizes=\"(max-width: 1024px) 100vw, 1024px\" \/><\/figure>\n\n\n\n<div style=\"height:42px\" aria-hidden=\"true\" class=\"wp-block-spacer\"><\/div>\n\n\n\n<p>Das Angebot umfasst 2 Tage, Gesamtpreis 1610 \u20ac, 3 Tage kostet 2125 \u20ac, 1 Woche kostet 4025 \u20ac. Das Paket umfasst:<\/p>\n\n\n\n<ul>\n<li>5-Sterne-Ferienhaus f\u00fcr 10 Personen (5 Schlafzimmer)<\/li>\n\n\n\n<li>Bettw\u00e4sche und Handt\u00fccher<\/li>\n\n\n\n<li>Endreinigung<\/li>\n\n\n\n<li>5 Boote mit Motoren 15 PS<\/li>\n\n\n\n<li>10L Benzin \/ Boot<\/li>\n\n\n\n<li>10 Fanglizenzen in Hjort\u00f6 \/ Germund\u00f6 Bereich<\/li>\n\n\n\n<li>Landkarten und Rettungswesten<\/li>\n\n\n\n<li>Schwimmwesten und Beach-Sauna<\/li>\n<\/ul>\n\n\n\n<hr class=\"wp-block-separator has-alpha-channel-opacity is-style-wide\"\/>\n\n\n\n<div style=\"height:72px\" aria-hidden=\"true\" class=\"wp-block-spacer\"><\/div>\n\n\n\n<h2 class=\"wp-block-heading has-text-align-center\">Die Ferienh\u00e4user 6 und 8 f\u00fcr 8 Personen<\/h2>\n\n\n\n<figure class=\"wp-block-image aligncenter size-full\"><img loading=\"lazy\" decoding=\"async\" width=\"1024\" height=\"682\" src=\"https:\/\/www.hjorto.com\/wp-content\/uploads\/2015\/06\/stuga10.jpg\" alt=\"\" class=\"wp-image-891\" style=\"aspect-ratio:16\/9;object-fit:cover\" srcset=\"https:\/\/www.hjorto.com\/wp-content\/uploads\/2015\/06\/stuga10.jpg 1024w, https:\/\/www.hjorto.com\/wp-content\/uploads\/2015\/06\/stuga10-300x200.jpg 300w\" sizes=\"(max-width: 1024px) 100vw, 1024px\" \/><\/figure>\n\n\n\n<div style=\"height:53px\" aria-hidden=\"true\" class=\"wp-block-spacer\"><\/div>\n\n\n\n<p>Das Angebot umfasst 2 Tage, Gesamtpreis 1290 \u20ac, 3 Tage kostet 1700 \u20ac und eine Woche kostet 3260 \u20ac. Das Paket umfasst:<\/p>\n\n\n\n<ul>\n<li>F\u00fcnfsterne Ferienhaus f\u00fcr 8 Personen<\/li>\n\n\n\n<li>Bettw\u00e4sche und Handt\u00fccher<\/li>\n\n\n\n<li>Endreinigung<\/li>\n\n\n\n<li>4 Boote mit 15 PS Motoren<\/li>\n\n\n\n<li>10L Benzin \/ Boot<\/li>\n\n\n\n<li>8 Angelscheine f\u00fcr Hjort\u00f6-Germund\u00f6 Angelgebiet<\/li>\n\n\n\n<li>Landkarten und Rettungswesten<\/li>\n\n\n\n<li>Schwimmwesten und Beach-Sauna<\/li>\n<\/ul>\n\n\n\n<hr class=\"wp-block-separator has-alpha-channel-opacity is-style-wide\"\/>\n\n\n\n<div style=\"height:58px\" aria-hidden=\"true\" class=\"wp-block-spacer\"><\/div>\n\n\n\n<h2 class=\"wp-block-heading has-text-align-center\">Das Ferienhaus 9 f\u00fcr 6 Personen<\/h2>\n\n\n\n<figure class=\"wp-block-image aligncenter size-full\"><img loading=\"lazy\" decoding=\"async\" width=\"1000\" height=\"750\" src=\"https:\/\/www.hjorto.com\/wp-content\/uploads\/2020\/06\/2020-06-11-22.55_edited.jpg\" alt=\"\" class=\"wp-image-1284\" style=\"aspect-ratio:16\/9;object-fit:cover\" srcset=\"https:\/\/www.hjorto.com\/wp-content\/uploads\/2020\/06\/2020-06-11-22.55_edited.jpg 1000w, https:\/\/www.hjorto.com\/wp-content\/uploads\/2020\/06\/2020-06-11-22.55_edited-300x225.jpg 300w\" sizes=\"(max-width: 1000px) 100vw, 1000px\" \/><\/figure>\n\n\n\n<div style=\"height:53px\" aria-hidden=\"true\" class=\"wp-block-spacer\"><\/div>\n\n\n\n<p>Das Angebot umfasst 2 Tage, Gesamtpreis 975 \u20ac, 3 Tage 1245 \u20ac und eine Woche kostet 2245 \u20ac. Das Paket umfasst:<\/p>\n\n\n\n<ul>\n<li>F\u00fcnfsterne Ferienhaus f\u00fcr 6 Personen<\/li>\n\n\n\n<li>Bettw\u00e4sche und Handt\u00fccher<\/li>\n\n\n\n<li>Endreinigung<\/li>\n\n\n\n<li>3 Boote mit 15 PS Motoren<\/li>\n\n\n\n<li>10-Liter-Benzin per Boot<\/li>\n\n\n\n<li>6 Angelscheine f\u00fcr Hjort\u00f6-Germund\u00f6 Angelgebiet<\/li>\n\n\n\n<li>Landkarten und Rettungswesten<\/li>\n\n\n\n<li>Beach-Sauna<\/li>\n<\/ul>\n\n\n\n<hr class=\"wp-block-separator has-alpha-channel-opacity is-style-wide\"\/>\n\n\n\n<div style=\"height:58px\" aria-hidden=\"true\" class=\"wp-block-spacer\"><\/div>\n\n\n\n<h2 class=\"wp-block-heading has-text-align-center\">Die Ferienh\u00e4user 10-15 f\u00fcr 4 Personen\/Haus<\/h2>\n\n\n\n<figure class=\"wp-block-image aligncenter size-full\"><img loading=\"lazy\" decoding=\"async\" width=\"1000\" height=\"750\" src=\"https:\/\/www.hjorto.com\/wp-content\/uploads\/2020\/06\/102414794_2569919330003369_1890586209323843584_n_edited.jpg\" alt=\"\" class=\"wp-image-1300\" style=\"aspect-ratio:16\/9;object-fit:cover\" srcset=\"https:\/\/www.hjorto.com\/wp-content\/uploads\/2020\/06\/102414794_2569919330003369_1890586209323843584_n_edited.jpg 1000w, https:\/\/www.hjorto.com\/wp-content\/uploads\/2020\/06\/102414794_2569919330003369_1890586209323843584_n_edited-300x225.jpg 300w\" sizes=\"(max-width: 1000px) 100vw, 1000px\" \/><\/figure>\n\n\n\n<div style=\"height:53px\" aria-hidden=\"true\" class=\"wp-block-spacer\"><\/div>\n\n\n\n<p>Das Angebot umfasst 2 Tage, Gesamtpreis 655 \u20ac, 3 Tage 840 \u20ac und eine Woche kostet 1545 \u20ac. Das Paket umfasst:<\/p>\n\n\n\n<ul>\n<li>Viersterne Ferienhaus f\u00fcr 4 Personen<\/li>\n\n\n\n<li>Bettw\u00e4sche und Handt\u00fccher<\/li>\n\n\n\n<li>Endreinigung<\/li>\n\n\n\n<li>2 Boote mit 15 PS Motoren<\/li>\n\n\n\n<li>10-Liter-Benzin per Boot<\/li>\n\n\n\n<li>4 Angelscheine f\u00fcr Hjort\u00f6-Germund\u00f6 Angelgebiet<\/li>\n\n\n\n<li>Landkarten und Rettungswesten<\/li>\n\n\n\n<li>Beach-Sauna<\/li>\n<\/ul>\n\n\n\n<hr class=\"wp-block-separator has-alpha-channel-opacity is-style-wide\"\/>\n\n\n\n<div style=\"height:44px\" aria-hidden=\"true\" class=\"wp-block-spacer\"><\/div>\n\n\n\n<h2 class=\"wp-block-heading has-text-align-center\">maria.haggblom@aland.net<\/h2>\n\n\n\n<h2 class=\"wp-block-heading has-text-align-center\">+358408339236<\/h2>\n\n\n\n<div style=\"height:48px\" aria-hidden=\"true\" class=\"wp-block-spacer\"><\/div>\n","protected":false},"excerpt":{"rendered":"<p>BOOTE UND ANGELN Hjort\u00f6 liegt an einer windgesch\u00fctzten Meeresbucht, so dass man auch wenn es kr\u00e4ftig weht mit dem Boot hinausfahren und angeln kann. Das Brackwasser in der Bucht ist sehr reich an Barschen aber auch Hechte, Zander und Brachsen sind reichlich vorhanden. Unser umherliegendes Angelwassergebiet umfasst ca. 4 km2, mit sowohl flachen Schilfrohrgew\u00e4ssern wie &hellip;<\/p>\n<p class=\"read-more\"> <a class=\"\" href=\"https:\/\/www.hjorto.com\/de\/angeln\/\"> <span class=\"screen-reader-text\">Angeln<\/span> Weiterlesen &raquo;<\/a><\/p>\n","protected":false},"author":1,"featured_media":0,"parent":0,"menu_order":0,"comment_status":"closed","ping_status":"open","template":"","meta":{"site-sidebar-layout":"default","site-content-layout":"","ast-site-content-layout":"","site-content-style":"default","site-sidebar-style":"default","ast-global-header-display":"","ast-banner-title-visibility":"","ast-main-header-display":"","ast-hfb-above-header-display":"","ast-hfb-below-header-display":"","ast-hfb-mobile-header-display":"","site-post-title":"disabled","ast-breadcrumbs-content":"","ast-featured-img":"","footer-sml-layout":"","theme-transparent-header-meta":"","adv-header-id-meta":"","stick-header-meta":"","header-above-stick-meta":"","header-main-stick-meta":"","header-below-stick-meta":"","astra-migrate-meta-layouts":"","ast-page-background-enabled":"default","ast-page-background-meta":{"desktop":{"background-color":"var(--ast-global-color-4)","background-image":"","background-repeat":"repeat","background-position":"center center","background-size":"auto","background-attachment":"scroll","background-type":"","background-media":"","overlay-type":"","overlay-color":"","overlay-gradient":""},"tablet":{"background-color":"","background-image":"","background-repeat":"repeat","background-position":"center center","background-size":"auto","background-attachment":"scroll","background-type":"","background-media":"","overlay-type":"","overlay-color":"","overlay-gradient":""},"mobile":{"background-color":"","background-image":"","background-repeat":"repeat","background-position":"center center","background-size":"auto","background-attachment":"scroll","background-type":"","background-media":"","overlay-type":"","overlay-color":"","overlay-gradient":""}},"ast-content-background-meta":{"desktop":{"background-color":"var(--ast-global-color-5)","background-image":"","background-repeat":"repeat","background-position":"center center","background-size":"auto","background-attachment":"scroll","background-type":"","background-media":"","overlay-type":"","overlay-color":"","overlay-gradient":""},"tablet":{"background-color":"var(--ast-global-color-5)","background-image":"","background-repeat":"repeat","background-position":"center center","background-size":"auto","background-attachment":"scroll","background-type":"","background-media":"","overlay-type":"","overlay-color":"","overlay-gradient":""},"mobile":{"background-color":"var(--ast-global-color-5)","background-image":"","background-repeat":"repeat","background-position":"center center","background-size":"auto","background-attachment":"scroll","background-type":"","background-media":"","overlay-type":"","overlay-color":"","overlay-gradient":""}},"footnotes":""},"_links":{"self":[{"href":"https:\/\/www.hjorto.com\/de\/wp-json\/wp\/v2\/pages\/1636"}],"collection":[{"href":"https:\/\/www.hjorto.com\/de\/wp-json\/wp\/v2\/pages"}],"about":[{"href":"https:\/\/www.hjorto.com\/de\/wp-json\/wp\/v2\/types\/page"}],"author":[{"embeddable":true,"href":"https:\/\/www.hjorto.com\/de\/wp-json\/wp\/v2\/users\/1"}],"replies":[{"embeddable":true,"href":"https:\/\/www.hjorto.com\/de\/wp-json\/wp\/v2\/comments?post=1636"}],"version-history":[{"count":5,"href":"https:\/\/www.hjorto.com\/de\/wp-json\/wp\/v2\/pages\/1636\/revisions"}],"predecessor-version":[{"id":1784,"href":"https:\/\/www.hjorto.com\/de\/wp-json\/wp\/v2\/pages\/1636\/revisions\/1784"}],"wp:attachment":[{"href":"https:\/\/www.hjorto.com\/de\/wp-json\/wp\/v2\/media?parent=1636"}],"curies":[{"name":"wp","href":"https:\/\/api.w.org\/{rel}","templated":true}]}}