{"id":1644,"date":"2024-01-07T20:10:12","date_gmt":"2024-01-07T20:10:12","guid":{"rendered":"https:\/\/www.hjorto.com\/?page_id=1644"},"modified":"2024-10-14T20:33:43","modified_gmt":"2024-10-14T20:33:43","slug":"kalatus","status":"publish","type":"page","link":"https:\/\/www.hjorto.com\/fi\/kalatus\/","title":{"rendered":"Kalatus"},"content":{"rendered":"\n<div class=\"wp-block-cover alignfull is-light\" style=\"min-height:430px\"><span aria-hidden=\"true\" class=\"wp-block-cover__background has-background-dim-10 has-background-dim\"><\/span><img loading=\"lazy\" decoding=\"async\" width=\"4032\" height=\"1960\" class=\"wp-block-cover__image-background wp-image-1148\" alt=\"\" src=\"https:\/\/www.hjorto.com\/wp-content\/uploads\/2018\/11\/20180618_140443-1.jpg\" style=\"object-position:49% 29%\" data-object-fit=\"cover\" data-object-position=\"49% 29%\" srcset=\"https:\/\/www.hjorto.com\/wp-content\/uploads\/2018\/11\/20180618_140443-1.jpg 4032w, https:\/\/www.hjorto.com\/wp-content\/uploads\/2018\/11\/20180618_140443-1-300x146.jpg 300w, https:\/\/www.hjorto.com\/wp-content\/uploads\/2018\/11\/20180618_140443-1-1024x498.jpg 1024w\" sizes=\"(max-width: 4032px) 100vw, 4032px\" \/><div class=\"wp-block-cover__inner-container is-layout-constrained wp-block-cover-is-layout-constrained\">\n<p class=\"has-text-align-center has-x-large-font-size\">Kalastuspaketti<\/p>\n<\/div><\/div>\n\n\n\n<div style=\"height:100px\" aria-hidden=\"true\" class=\"wp-block-spacer\"><\/div>\n\n\n\n<h2 class=\"wp-block-heading has-text-align-center\">VENEET JA KALASTUS<\/h2>\n\n\n\n<p>L\u00e4hin kalastusalueemme on noin 4 km2 laajuinen ja siin\u00e4 on sek\u00e4 matalampia kaislikkoja ett\u00e4 yli 30 metri\u00e4 syvi\u00e4 kohtia. Myymme my\u00f6s kalastuskortteja Godbyn kalastusalueelle. Veneemme ovat 4.30 m pitki\u00e4 ja meill\u00e4 on 15 hv per\u00e4moottoreita. Rannassa on kalanperkausp\u00f6yt\u00e4 sek\u00e4 uusi suuri savustusp\u00f6ntt\u00f6. Mik\u00e4 voisikaan maistua paremmalta kuin vastapyydetty savustettu kala hyvien yst\u00e4vien seurassa?<\/p>\n\n\n\n<hr class=\"wp-block-separator has-alpha-channel-opacity is-style-wide\"\/>\n\n\n\n<div style=\"height:100px\" aria-hidden=\"true\" class=\"wp-block-spacer\"><\/div>\n\n\n\n<h2 class=\"wp-block-heading has-text-align-center\">M\u00f6kki 4, 10 henkil\u00f6lle<\/h2>\n\n\n\n<figure class=\"wp-block-image aligncenter size-large\"><img loading=\"lazy\" decoding=\"async\" width=\"1024\" height=\"682\" src=\"https:\/\/www.hjorto.com\/wp-content\/uploads\/2015\/06\/Stuga-1024x682.jpg\" alt=\"\" class=\"wp-image-886\" style=\"aspect-ratio:16\/9;object-fit:cover\" srcset=\"https:\/\/www.hjorto.com\/wp-content\/uploads\/2015\/06\/Stuga.jpg 1024w, https:\/\/www.hjorto.com\/wp-content\/uploads\/2015\/06\/Stuga-300x200.jpg 300w\" sizes=\"(max-width: 1024px) 100vw, 1024px\" \/><\/figure>\n\n\n\n<div style=\"height:42px\" aria-hidden=\"true\" class=\"wp-block-spacer\"><\/div>\n\n\n\n<p>Paketti koskee 2 vuorokautta (esim. perjantai-sunnuntai), kokonaishinta 1610 \u20ac. Sama paketti samalla sis\u00e4ll\u00f6ll\u00e4 10 henkil\u00f6lle 3 vrk maksaa 2125 \u20ac, viikko maksaa 4025 \u20ac. Pakettiin kuuluu:<\/p>\n\n\n\n<ul>\n<li>5 t\u00e4hden m\u00f6kki&nbsp;10 henkil\u00f6lle (5 makuuhuonetta)<\/li>\n\n\n\n<li>lakanat ja pyyhkeet<\/li>\n\n\n\n<li>loppusiivous<\/li>\n\n\n\n<li>5 venett\u00e4 15 hv moottoreilla<\/li>\n\n\n\n<li>10L bensiini\u00e4\/vene<\/li>\n\n\n\n<li>10 kalastuskorttia Hjort\u00f6\/Germund\u00f6-kalastusalueelle<\/li>\n\n\n\n<li>kartat<\/li>\n\n\n\n<li>pelastusliivit ja rantasauna<\/li>\n<\/ul>\n\n\n\n<hr class=\"wp-block-separator has-alpha-channel-opacity is-style-wide\"\/>\n\n\n\n<div style=\"height:72px\" aria-hidden=\"true\" class=\"wp-block-spacer\"><\/div>\n\n\n\n<h2 class=\"wp-block-heading has-text-align-center\">M\u00f6kit 6 ja 8, 8 henkil\u00f6lle<\/h2>\n\n\n\n<figure class=\"wp-block-image aligncenter size-full\"><img loading=\"lazy\" decoding=\"async\" width=\"1024\" height=\"682\" src=\"https:\/\/www.hjorto.com\/wp-content\/uploads\/2015\/06\/stuga10.jpg\" alt=\"\" class=\"wp-image-891\" style=\"aspect-ratio:16\/9;object-fit:cover\" srcset=\"https:\/\/www.hjorto.com\/wp-content\/uploads\/2015\/06\/stuga10.jpg 1024w, https:\/\/www.hjorto.com\/wp-content\/uploads\/2015\/06\/stuga10-300x200.jpg 300w\" sizes=\"(max-width: 1024px) 100vw, 1024px\" \/><\/figure>\n\n\n\n<div style=\"height:53px\" aria-hidden=\"true\" class=\"wp-block-spacer\"><\/div>\n\n\n\n<p>Paketti koskee 2 vkr, kokonaishinta 1290 \u20ac. Sama paketti 8 henkil\u00f6lle 3 vrk maksaa 1700 \u20ac, viikko maksaa 3260 \u20ac. Pakettiin kuuluu:<\/p>\n\n\n\n<ul>\n<li>5 t\u00e4hden m\u00f6kki 8 henkil\u00f6lle<\/li>\n\n\n\n<li>lakanat ja pyyhkeet<\/li>\n\n\n\n<li>loppusiivous<\/li>\n\n\n\n<li>4 venett\u00e4 15 hv moottoreilla<\/li>\n\n\n\n<li>10L bensiini\u00e4\/vene<\/li>\n\n\n\n<li>8 kalastuskorttia Hjort\u00f6\/Germund\u00f6-kalastusalueelle<\/li>\n\n\n\n<li>kartat<\/li>\n\n\n\n<li>pelastusliivit ja rantasauna<\/li>\n<\/ul>\n\n\n\n<hr class=\"wp-block-separator has-alpha-channel-opacity is-style-wide\"\/>\n\n\n\n<div style=\"height:58px\" aria-hidden=\"true\" class=\"wp-block-spacer\"><\/div>\n\n\n\n<h2 class=\"wp-block-heading has-text-align-center\">M\u00f6kki 9, 6 henkil\u00f6lle<\/h2>\n\n\n\n<figure class=\"wp-block-image aligncenter size-full\"><img loading=\"lazy\" decoding=\"async\" width=\"1000\" height=\"750\" src=\"https:\/\/www.hjorto.com\/wp-content\/uploads\/2020\/06\/2020-06-11-22.55_edited.jpg\" alt=\"\" class=\"wp-image-1284\" style=\"aspect-ratio:16\/9;object-fit:cover\" srcset=\"https:\/\/www.hjorto.com\/wp-content\/uploads\/2020\/06\/2020-06-11-22.55_edited.jpg 1000w, https:\/\/www.hjorto.com\/wp-content\/uploads\/2020\/06\/2020-06-11-22.55_edited-300x225.jpg 300w\" sizes=\"(max-width: 1000px) 100vw, 1000px\" \/><\/figure>\n\n\n\n<div style=\"height:53px\" aria-hidden=\"true\" class=\"wp-block-spacer\"><\/div>\n\n\n\n<p>Paketti koskee 2 vkr, kokonaishinta 975 \u20ac. Sama paketti 6 henkil\u00f6lle 3 vrk maksaa 1245 \u20ac, viikko maksaa 2245 \u20ac. Pakettiin kuuluu:<\/p>\n\n\n\n<ul>\n<li>4 t\u00e4hden m\u00f6kki 6 henkil\u00f6lle<\/li>\n\n\n\n<li>lakanat ja pyyhkeet<\/li>\n\n\n\n<li>loppusiivous<\/li>\n\n\n\n<li>3 venett\u00e4 15 hv moottoreilla<\/li>\n\n\n\n<li>10L bensiini\u00e4\/vene<\/li>\n\n\n\n<li>6 kalastuskorttia Hjort\u00f6\/Germund\u00f6-kalastusalueelle<\/li>\n\n\n\n<li>kartat<\/li>\n\n\n\n<li>pelastusliivit ja rantasauna<\/li>\n<\/ul>\n\n\n\n<hr class=\"wp-block-separator has-alpha-channel-opacity is-style-wide\"\/>\n\n\n\n<div style=\"height:58px\" aria-hidden=\"true\" class=\"wp-block-spacer\"><\/div>\n\n\n\n<h2 class=\"wp-block-heading has-text-align-center\">M\u00f6kit 10-15, 4 henkil\u00f6lle\/m\u00f6kki<\/h2>\n\n\n\n<figure class=\"wp-block-image aligncenter size-full\"><img loading=\"lazy\" decoding=\"async\" width=\"1000\" height=\"750\" src=\"https:\/\/www.hjorto.com\/wp-content\/uploads\/2020\/06\/102414794_2569919330003369_1890586209323843584_n_edited.jpg\" alt=\"\" class=\"wp-image-1300\" style=\"aspect-ratio:16\/9;object-fit:cover\" srcset=\"https:\/\/www.hjorto.com\/wp-content\/uploads\/2020\/06\/102414794_2569919330003369_1890586209323843584_n_edited.jpg 1000w, https:\/\/www.hjorto.com\/wp-content\/uploads\/2020\/06\/102414794_2569919330003369_1890586209323843584_n_edited-300x225.jpg 300w\" sizes=\"(max-width: 1000px) 100vw, 1000px\" \/><\/figure>\n\n\n\n<div style=\"height:53px\" aria-hidden=\"true\" class=\"wp-block-spacer\"><\/div>\n\n\n\n<p>Paketti koskee 2 vkr, kokonaishinta 655 \u20ac. Sama paketti samalla sis\u00e4ll\u00f6ll\u00e4 4 henkil\u00f6lle 3 vrk maksaa 840 \u20ac, viikko maksaa 1545 \u20ac. Pakettiin kuuluu:<\/p>\n\n\n\n<ul>\n<li>4 t\u00e4hden m\u00f6kki 4 henkil\u00f6lle<\/li>\n\n\n\n<li>lakanat ja pyyhkeet<\/li>\n\n\n\n<li>loppusiivous<\/li>\n\n\n\n<li>2 venett\u00e4 9.9 hv tai 15 hv moottoreilla<\/li>\n\n\n\n<li>10L bensiini\u00e4\/vene<\/li>\n\n\n\n<li>4 kalastuskorttia Hjort\u00f6\/Germund\u00f6-kalastusalueelle<\/li>\n\n\n\n<li>kartat<\/li>\n\n\n\n<li>pelastusliivit ja rantasauna<\/li>\n<\/ul>\n\n\n\n<hr class=\"wp-block-separator has-alpha-channel-opacity is-style-wide\"\/>\n\n\n\n<div style=\"height:44px\" aria-hidden=\"true\" class=\"wp-block-spacer\"><\/div>\n\n\n\n<h2 class=\"wp-block-heading has-text-align-center\">maria.haggblom@aland.net<\/h2>\n\n\n\n<h2 class=\"wp-block-heading has-text-align-center\">+358408339236<\/h2>\n\n\n\n<div style=\"height:48px\" aria-hidden=\"true\" class=\"wp-block-spacer\"><\/div>\n","protected":false},"excerpt":{"rendered":"<p>VENEET JA KALASTUS L\u00e4hin kalastusalueemme on noin 4 km2 laajuinen ja siin\u00e4 on sek\u00e4 matalampia kaislikkoja ett\u00e4 yli 30 metri\u00e4 syvi\u00e4 kohtia. Myymme my\u00f6s kalastuskortteja Godbyn kalastusalueelle. Veneemme ovat 4.30 m pitki\u00e4 ja meill\u00e4 on 15 hv per\u00e4moottoreita. Rannassa on kalanperkausp\u00f6yt\u00e4 sek\u00e4 uusi suuri savustusp\u00f6ntt\u00f6. Mik\u00e4 voisikaan maistua paremmalta kuin vastapyydetty savustettu kala hyvien yst\u00e4vien &hellip;<\/p>\n<p class=\"read-more\"> <a class=\"\" href=\"https:\/\/www.hjorto.com\/fi\/kalatus\/\"> <span class=\"screen-reader-text\">Kalatus<\/span> Lue lis\u00e4\u00e4 &raquo;<\/a><\/p>\n","protected":false},"author":1,"featured_media":0,"parent":0,"menu_order":0,"comment_status":"closed","ping_status":"open","template":"","meta":{"site-sidebar-layout":"default","site-content-layout":"","ast-site-content-layout":"","site-content-style":"default","site-sidebar-style":"default","ast-global-header-display":"","ast-banner-title-visibility":"","ast-main-header-display":"","ast-hfb-above-header-display":"","ast-hfb-below-header-display":"","ast-hfb-mobile-header-display":"","site-post-title":"disabled","ast-breadcrumbs-content":"","ast-featured-img":"","footer-sml-layout":"","theme-transparent-header-meta":"","adv-header-id-meta":"","stick-header-meta":"","header-above-stick-meta":"","header-main-stick-meta":"","header-below-stick-meta":"","astra-migrate-meta-layouts":"","ast-page-background-enabled":"default","ast-page-background-meta":{"desktop":{"background-color":"var(--ast-global-color-4)","background-image":"","background-repeat":"repeat","background-position":"center center","background-size":"auto","background-attachment":"scroll","background-type":"","background-media":"","overlay-type":"","overlay-color":"","overlay-gradient":""},"tablet":{"background-color":"","background-image":"","background-repeat":"repeat","background-position":"center center","background-size":"auto","background-attachment":"scroll","background-type":"","background-media":"","overlay-type":"","overlay-color":"","overlay-gradient":""},"mobile":{"background-color":"","background-image":"","background-repeat":"repeat","background-position":"center center","background-size":"auto","background-attachment":"scroll","background-type":"","background-media":"","overlay-type":"","overlay-color":"","overlay-gradient":""}},"ast-content-background-meta":{"desktop":{"background-color":"var(--ast-global-color-5)","background-image":"","background-repeat":"repeat","background-position":"center center","background-size":"auto","background-attachment":"scroll","background-type":"","background-media":"","overlay-type":"","overlay-color":"","overlay-gradient":""},"tablet":{"background-color":"var(--ast-global-color-5)","background-image":"","background-repeat":"repeat","background-position":"center center","background-size":"auto","background-attachment":"scroll","background-type":"","background-media":"","overlay-type":"","overlay-color":"","overlay-gradient":""},"mobile":{"background-color":"var(--ast-global-color-5)","background-image":"","background-repeat":"repeat","background-position":"center center","background-size":"auto","background-attachment":"scroll","background-type":"","background-media":"","overlay-type":"","overlay-color":"","overlay-gradient":""}},"footnotes":""},"_links":{"self":[{"href":"https:\/\/www.hjorto.com\/fi\/wp-json\/wp\/v2\/pages\/1644"}],"collection":[{"href":"https:\/\/www.hjorto.com\/fi\/wp-json\/wp\/v2\/pages"}],"about":[{"href":"https:\/\/www.hjorto.com\/fi\/wp-json\/wp\/v2\/types\/page"}],"author":[{"embeddable":true,"href":"https:\/\/www.hjorto.com\/fi\/wp-json\/wp\/v2\/users\/1"}],"replies":[{"embeddable":true,"href":"https:\/\/www.hjorto.com\/fi\/wp-json\/wp\/v2\/comments?post=1644"}],"version-history":[{"count":5,"href":"https:\/\/www.hjorto.com\/fi\/wp-json\/wp\/v2\/pages\/1644\/revisions"}],"predecessor-version":[{"id":1782,"href":"https:\/\/www.hjorto.com\/fi\/wp-json\/wp\/v2\/pages\/1644\/revisions\/1782"}],"wp:attachment":[{"href":"https:\/\/www.hjorto.com\/fi\/wp-json\/wp\/v2\/media?parent=1644"}],"curies":[{"name":"wp","href":"https:\/\/api.w.org\/{rel}","templated":true}]}}